{"id":164,"date":"2025-11-08T22:09:59","date_gmt":"2025-11-08T22:09:59","guid":{"rendered":"https:\/\/aime.mx\/portal\/?page_id=164"},"modified":"2025-12-02T15:53:45","modified_gmt":"2025-12-02T15:53:45","slug":"que-es-el-dolibarr","status":"publish","type":"page","link":"https:\/\/aime.mx\/portal\/que-es-el-dolibarr\/","title":{"rendered":"Aime \u2013 Partner oficial Dolibarr ERP &amp; CRM"},"content":{"rendered":"\n<style>\n\/* (igual que antes, c\u00f3digo CSS sin emojis, no cambia) *\/\n\/* ESTILOS GENERALES *\/\nbody { margin: 0; font-family: 'Poppins', Arial, sans-serif; color: #222; background: #F5F5F5; }\n.container { max-width: 1170px; margin: 0 auto; padding: 24px; }\n\/* ... resto id\u00e9ntico ... *\/\n\/* MEDIA QUERY (M\u00f3vil) *\/\n@media (max-width: 768px) {\n  .horizontal-row { flex-direction: column; align-items: center; }\n  .card { width: 100%; max-width: 100%; }\n  nav { flex-direction: column; gap: 10px; }\n  .menu { display: flex; flex-direction: column; gap: 10px; }\n  .saas-list { flex-direction: column; align-items: center; }\n}\n<\/style>\n\n\n\n<style>\n  .container { max-width: 1170px; margin: 0 auto; padding: 24px; font-family: 'Poppins', Arial, sans-serif; color: #222; background: #F5F5F5; }\n  header { background: #222; color: #fff; padding: 0.4em 0; position: sticky; top: 0; z-index: 100; }\n  nav { display: flex; align-items: center; justify-content: space-between; }\n  .logo { height: 46px; background: #fff; border-radius: 7px; padding: 2px 7px; }\n  .dolibarr-logo { height: 40px; margin-left: 18px; background: #fff; border-radius: 7px; padding: 2px 6px; border: 1px solid #7EC043; }\n  .brand { display: flex; align-items: center; gap:12px; }\n  .menu a { color: #fff; text-decoration: none; margin: 0 13px; font-weight:600; font-size: 1.12em; }\n  .cta-btn { background: #7EC043; color: #fff; border: none; padding: 10px 32px; border-radius: 22px; font-weight: bold; cursor: pointer; }\n  .cta-btn:hover { background: #5ea532; }\n  .hero { background: linear-gradient(120deg, #7EC043 46%, #fff 100%); color: #222; text-align: center; padding: 70px 16px 45px; }\n  .logo-header { font-weight: bold; font-size: 2.6em; letter-spacing: -1px; margin-bottom: 16px; }\n  .hero p { font-size: 1.18em; margin-bottom: 18px; }\n  .section-title { font-size: 2em; color: #7EC043; margin: 50px 0 20px; font-weight: bold; letter-spacing: -1px; text-align: center; }\n  .subsection-title { font-size: 1.5em; color: #7EC043; margin: 35px 0 20px; font-weight: 700; text-align: center; }\n  .horizontal-row { display: flex; flex-wrap: wrap; gap: 20px; justify-content: center; }\n  .card {\n    background: #fff;\n    border-radius: 12px;\n    box-shadow: 0 2px 9px rgba(0,0,0,0.07);\n    padding: 20px 15px;\n    text-align: center; \n    transition: box-shadow 0.2s;\n    flex: 1 1 280px;\n    max-width: 320px;\n    min-width: 250px;\n    display: flex;\n    flex-direction: column;\n    align-items: center;\n  }\n  .card:hover { box-shadow: 0 5px 20px #7EC04344; }\n  .card-icon { font-size: 2.5em; margin-bottom: 10px; color: #7EC043; }\n  .card strong { display: block; margin-bottom: 12px; color: #222; font-size: 1.1em; line-height: 1.3; font-weight: 700; }\n  .card p { font-size: 0.95em; color: #555; line-height: 1.4; margin: 0; }\n  .card ul {\n    list-style-type: none;\n    padding: 0;\n    margin: 0;\n    text-align: left;\n    width: 100%;\n  }\n  .card ul li {\n    border-bottom: 1px solid #f0f0f0;\n    padding: 6px 0;\n    color: #555;\n    font-size: 0.95em;\n    display: flex;\n    align-items: center;\n  }\n  .card ul li:last-child { border-bottom: none; }\n  .card ul li::before {\n    content: \"\u2022\";\n    color: #7EC043;\n    font-weight: bold;\n    display: inline-block; \n    width: 1em;\n    margin-left: 5px;\n  }\n  .card-text-block { text-align: left; font-size: 0.95em; color: #555; line-height: 1.5; }\n  .saas-intro { text-align: center; max-width: 900px; margin: 0 auto 40px; font-size: 1.1em; line-height: 1.6; }\n  .saas-list { list-style: none; padding: 0; max-width: 800px; margin: 0 auto 40px; display: flex; flex-wrap: wrap; justify-content: center; gap: 15px; }\n  .saas-list li { background: #fff; padding: 10px 20px; border-radius: 30px; box-shadow: 0 2px 5px rgba(0,0,0,0.05); font-weight: 600; color: #444; display: flex; align-items: center; gap: 8px; }\n  .saas-list li::before { content: \"\\2714\"; font-size: 1.2em; } \/* \u2705 *\/\n  .saas-bottom-grid { display: flex; gap: 20px; justify-content: center; flex-wrap: wrap; margin-top: 40px; }\n  .saas-box { background: #fff; border: 1px solid #e0e0e0; border-radius: 12px; padding: 25px; flex: 1 1 300px; max-width: 500px; }\n  .saas-box h3 { color: #7EC043; margin-top: 0; font-size: 1.4em; }\n  .saas-box ul { padding-left: 20px; color: #555; line-height: 1.8; }\n  .highlight-price { font-weight: 700; color: #222; background: #7EC04333; padding: 2px 6px; border-radius: 4px; }\n  .testimonial { text-align: center; font-style: italic; margin: 18px 0 0; color: #222; }\n  form { background: #fff; border-radius: 12px; box-shadow: 0 2px 8px #7ec04322; max-width: 400px; margin: 32px auto 0; padding: 22px; border: 1px solid #e0e0e0; }\n  input, textarea { width: 100%; padding: 8px; margin-bottom: 17px; border-radius: 7px; border: 1px solid #cfd8dc; box-sizing: border-box; }\n  .form-btn { background: #7EC043; color: #fff; border: none; padding: 9px 24px; border-radius: 18px; font-weight: bold; cursor: pointer; width: 100%; }\n  .form-btn:hover { background: #5ea532; }\n  .contact-info { text-align: center; margin: 15px 0; }\n  footer { background: #222; color: #fff; font-size: 0.95em; text-align: center; padding: 16px 0; margin-top: 40px; }\n  @media (max-width: 768px) {\n    .horizontal-row { flex-direction: column; align-items: center; }\n    .card { width: 100%; max-width: 100%; }\n    nav { flex-direction: column; gap: 10px; }\n    .menu { display: flex; flex-direction: column; gap: 10px; }\n    .saas-list { flex-direction: column; align-items: center; }\n  }\n<\/style>\n\n\n<section class=\"hero\" id=\"inicio\">\n  <div class=\"logo-header\">Aime \u2013 Partner oficial Dolibarr ERP &#038; CRM<\/div>\n  <p> <CENTER>Expertos en implementaci\u00f3n, desarrollo y capacitaci\u00f3n Dolibarr para tu empresa.<CENTER><\/p>\n  <button class=\"cta-btn\" onclick=\"document.getElementById('contacto').scrollIntoView({behavior:'smooth'});\">\u00a1Cotiza tu soluci\u00f3n!<\/button>\n<\/section>\n\n<div class=\"container\">\n\n  <section id=\"que-es-dolibarr\">\n    <div class=\"section-title\">\u00bfQu\u00e9 es Dolibarr ERP &#038; CRM?<\/div>\n    <div style=\"max-width:900px; margin:auto; font-size:1.08em; color:#222; line-height: 1.6;\">\n      Dolibarr ERP\/CRM es un software Web completo Todo en uno para gestionar todos tus negocios y completamente modular \n      (s\u00f3lo se activan las funciones que requerimos utilizar) para gesti\u00f3n empresarial de PYMES.\n    <\/div>\n  <\/section>\n  \n  <section id=\"sencillez\">\n    <div class=\"subsection-title\">Sencillo y sin complicaciones<\/div>\n    <div class=\"horizontal-row\">\n      <div class=\"card\">\n        <div class=\"card-icon\">&#128640;<\/div>\n        <strong>Intuici\u00f3n y Productividad<\/strong>\n        <p>Un sistema tan f\u00e1cil de usar que tu equipo ser\u00e1 productivo desde el primer d\u00eda.<\/p>\n      <\/div>\n      <div class=\"card\">\n        <div class=\"card-icon\">&#9889;<\/div>\n        <strong>Implementaci\u00f3n \u00c1gil<\/strong>\n        <p>Ponemos a funcionar Dolibarr r\u00e1pido y sin interrumpir tus operaciones.<\/p>\n      <\/div>\n      <div class=\"card\">\n        <div class=\"card-icon\">&#129497;<\/div>\n        <strong>Flexibilidad<\/strong>\n        <p>Adaptamos Dolibarr a lo que tu negocio necesita y crece contigo.<\/p>\n      <\/div>\n    <\/div>\n  <\/section>\n  \n  <section>\n    <div class=\"subsection-title\">Algunas de sus funcionalidades<\/div>\n    <div class=\"horizontal-row\">\n      <div class=\"card\">\n        <div class=\"card-icon\">&#129309;<\/div>\n        <strong>CRM &amp; Ventas<\/strong>\n        <ul><li>Prospectos \/ Clientes<\/li><li>Oportunidades<\/li><li>Cotizaciones \/ Propuestas<\/li><li>\u00d3rdenes de venta<\/li><li>Contratos \/ Suscripciones<\/li><li>Mesa de ayuda \/ Tickets<\/li><li>Conocimiento<\/li><\/ul>\n      <\/div>\n      <div class=\"card\">\n        <div class=\"card-icon\">&#128722;<\/div>\n        <strong>Comercio, eCommerce &amp; POS<\/strong>\n        <ul><li>CMS \/ Sitio web<\/li><li>Punto de venta (POS)<\/li><\/ul>\n      <\/div>\n      <div class=\"card\">\n        <div class=\"card-icon\">&#128230;<\/div>\n        <strong>Productos, Inventarios &amp; Ops<\/strong>\n        <ul><li>Productos \/ Servicios<\/li><li>Gesti\u00f3n de stock<\/li><li>Compra y suministro<\/li><li>Env\u00edos<\/li><li>Fabricaci\u00f3n<\/li><\/ul>\n      <\/div>\n      <div class=\"card\">\n        <div class=\"card-icon\">&#128176;<\/div>\n        <strong>Finanzas<\/strong>\n        <ul><li>Facturaci\u00f3n &amp; Pagos<\/li><li>Conciliaci\u00f3n bancaria<\/li><li>Contabilidad de doble entrada<\/li><\/ul>\n      <\/div>\n      <div class=\"card\">\n        <div class=\"card-icon\">&#128197;<\/div>\n        <strong>Productividad &amp; Ops Internas<\/strong>\n        <ul><li>Proyectos \/ Tareas<\/li><li>Intervenciones<\/li><li>Agenda<\/li><\/ul>\n      <\/div>\n      <div class=\"card\" style=\"flex-basis: 100%; max-width: 800px;\">\n        <div class=\"card-icon\">&#128268;<\/div>\n        <strong>M\u00f3dulos Externos y Extensiones Avanzadas<\/strong>\n        <div class=\"card-text-block\">Dolibarr ofrece una gran variedad de m\u00f3dulos adicionales desarrollados por terceros para cubrir necesidades espec\u00edficas como educaci\u00f3n, salud, mascotas, manufactura avanzada, log\u00edstica, marketing, anal\u00edtica, integraciones API y m\u00e1s.<\/div>\n      <\/div>\n    <\/div>\n  <\/section>\n\n  <section id=\"nuestros-servicios\">\n    <div class=\"section-title\">Aime especialistas en Dolibarr: Nuestros Servicios<\/div>\n    <div class=\"horizontal-row\">\n      <div class=\"card\"><div class=\"card-icon\">&#128270;<\/div><strong>Consultor\u00eda de Procesos<\/strong><p>Se analizan las operaciones de tu negocio y definimos el dise\u00f1o del sistema que necesitas.<\/p><\/div>\n      <div class=\"card\"><div class=\"card-icon\">&#128295;<\/div><strong>Implementaci\u00f3n<\/strong><p>Instalamos el sistema, preparamos el entorno y dejamos la estructura base funcionando.<\/p><\/div>\n      <div class=\"card\"><div class=\"card-icon\">&#127899;<\/div><strong>Parametrizaci\u00f3n Personalizada<\/strong><p>Se ajustan configuraciones, reglas, permisos, roles y flujos seg\u00fan tu operaci\u00f3n diaria.<\/p><\/div>\n      <div class=\"card\"><div class=\"card-icon\">&#127891;<\/div><strong>Capacitaci\u00f3n y Entrenamiento<\/strong><p>Preparamos a tu equipo para usar el sistema de forma eficiente.<\/p><\/div>\n      <div class=\"card\"><div class=\"card-icon\">&#128187;<\/div><strong>Desarrollo a la Medida<\/strong><p>Creamos m\u00f3dulos, funciones y mejoras exclusivas para tu empresa.<\/p><\/div>\n      <div class=\"card\"><div class=\"card-icon\">&#127911;<\/div><strong>Soporte T\u00e9cnico<\/strong><p>Atendemos incidencias y realizamos ajustes conforme avanza el uso del sistema.<\/p><\/div>\n      <div class=\"card\"><div class=\"card-icon\">&#9729;<\/div><strong>Hosting y Administraci\u00f3n de Servidores<\/strong><p>Instalamos, configuramos y administramos el servidor donde correr\u00e1 el sistema.<\/p><\/div>\n      <div class=\"card\"><div class=\"card-icon\">&#128200;<\/div><strong>Generaci\u00f3n de Reportes y BI Personalizado<\/strong><p>Creamos dashboards y reportes adaptados a tus indicadores clave.<\/p><\/div>\n    <\/div>\n  <\/section>\n\n  <section id=\"beneficios\">\n    <div class=\"section-title\">\u00bfPor qu\u00e9 elegir Aime?<\/div>\n    <div class=\"horizontal-row\">\n      <div class=\"card\"><div class=\"card-icon\">&#11088;<\/div><strong>Experiencia<\/strong><p>A\u00f1os implementando Dolibarr.<\/p><\/div>\n      <div class=\"card\"><div class=\"card-icon\">&#128683;<\/div><strong>Soporte Total<\/strong><p>Atenci\u00f3n local y remota garantizada.<\/p><\/div>\n      <div class=\"card\"><div class=\"card-icon\">&#127760;<\/div><strong>Adaptaci\u00f3n Local<\/strong><p>Cumplimos con normativas de M\u00e9xico.<\/p><\/div>\n    <\/div>\n    <div class=\"testimonial\">&ldquo;Con Aime logramos ahorrar tiempo y tener soporte de calidad.&rdquo;<\/div>\n  <\/section>\n\n  <section id=\"saas\" style=\"background: #fff; border:1px solid #e0e0e0; border-radius:12px; padding: 30px; margin-top:50px;\">\n    <div class=\"section-title\" style=\"margin-top:0;\">Servicios SaaS para Dolibarr<\/div>\n    <div class=\"saas-intro\">\n      <p><strong>&iquest;Qu&eacute; es este servicio?<\/strong><br>\n      Tu empresa usa Dolibarr <strong>sin instalar nada<\/strong>. Nosotros nos encargamos del servidor, actualizaciones, seguridad y rendimiento. Tu solo entras y trabajas.<\/p>\n    <\/div>\n    <div class=\"subsection-title\">Beneficios para Tu Negocio<\/div>\n    <ul class=\"saas-list\">\n      <li>Acceso inmediato desde cualquier dispositivo<\/li>\n      <li>Servidores optimizados con alta disponibilidad<\/li>\n      <li>Seguridad y respaldos autom&aacute;ticos<\/li>\n      <li>Actualizaciones sin interrupciones<\/li>\n      <li>Ahorro en infraestructura y personal<\/li>\n      <li>Soporte directo con especialistas<\/li>\n    <\/ul>\n    <div class=\"subsection-title\">&iquest;Qu&eacute; incluimos en el SaaS?<\/div>\n    <div class=\"horizontal-row\">\n      <div class=\"card\"><div class=\"card-icon\">&#127970;<\/div><strong>Instancia dedicada<\/strong><p>Tu propio entorno aislado y seguro.<\/p><\/div>\n      <div class=\"card\"><div class=\"card-icon\">&#9729;<\/div><strong>Hosting administrado<\/strong><p>Servidores en la nube configurados para alto rendimiento.<\/p><\/div>\n      <div class=\"card\"><div class=\"card-icon\">&#128295;<\/div><strong>Mantenimiento t&eacute;cnico<\/strong><p>Ajustes, monitoreo y control de recursos.<\/p><\/div>\n      <div class=\"card\"><div class=\"card-icon\">&#128190;<\/div><strong>Respaldo autom&aacute;tico<\/strong><p>Copias diarias fuera del servidor.<\/p><\/div>\n      <div class=\"card\"><div class=\"card-icon\">&#128260;<\/div><strong>Actualizaciones<\/strong><p>Sistema al d&iacute;a sin afectar operaci&oacute;n.<\/p><\/div>\n      <div class=\"card\"><div class=\"card-icon\">&#128274;<\/div><strong>Seguridad avanzada<\/strong><p>SSL, firewalls, encriptaci&oacute;n.<\/p><\/div>\n      <div class=\"card\"><div class=\"card-icon\">&#129190;<\/div><strong>Soporte especializado<\/strong><p>Atenci&oacute;n directa para fallas y dudas.<\/p><\/div>\n      <div class=\"card\"><div class=\"card-icon\">&#128241;<\/div><strong>Acceso 24\/7<\/strong><p>Disponible desde navegador o app.<\/p><\/div>\n    <\/div>\n    <div class=\"saas-bottom-grid\">\n      <div class=\"saas-box\">\n        <h3>Planes Flexibles<\/h3>\n        <ul>\n          <li><span class=\"highlight-price\">Paquetes b&aacute;sicos desde 12 USD al mes.<\/span><\/li>\n          <li>Costo mensual o anual.<\/li>\n          <li>Espacios y recursos seg&uacute;n el tama&ntilde;o de tu operaci&oacute;n.<\/li>\n          <li>Opciones con m&oacute;dulos adicionales y personalizaciones.<\/li>\n        <\/ul>\n      <\/div>\n      <div class=\"saas-box\">\n        <h3>Ideal para empresas que buscan<\/h3>\n        <ul>\n          <li>Evitar servidores propios.<\/li>\n          <li>Implementar Dolibarr r&aacute;pido.<\/li>\n          <li>Reducir tiempos muertos.<\/li>\n          <li>Tener soporte confiable.<\/li>\n        <\/ul>\n      <\/div>\n    <\/div>\n  <\/section>\n  \n  <section id=\"contacto\">\n    <div class=\"section-title\">&iexcl;Conecta con expertos!<\/div>\n    <form action=\"mailto:info@aime.mx\" method=\"post\" enctype=\"text\/plain\">\n      <label for=\"nombre\">Nombre<\/label>\n      <input type=\"text\" id=\"nombre\" name=\"nombre\" placeholder=\"Tu nombre\" required>\n      <label for=\"email\">Email<\/label>\n      <input type=\"email\" id=\"email\" name=\"email\" placeholder=\"tu@email.com\" required>\n      <label for=\"mensaje\">Mensaje<\/label>\n      <textarea id=\"mensaje\" name=\"mensaje\" placeholder=\"&iquest;C&oacute;mo ayudamos?\"><\/textarea>\n      <button class=\"form-btn\" type=\"submit\">Enviar<\/button>\n    <\/form>\n    \n  <\/section>\n\n<\/div>\n\n\n\n<p><\/p>\n","protected":false},"excerpt":{"rendered":"<p>Aime \u2013 Partner oficial Dolibarr ERP &#038; CRM Expertos en implementaci\u00f3n, desarrollo y capacitaci\u00f3n Dolibarr para tu empresa. \u00a1Cotiza tu soluci\u00f3n! \u00bfQu\u00e9 es Dolibarr ERP &#038; CRM? Dolibarr ERP\/CRM es un software Web completo Todo en uno para gestionar todos tus negocios y completamente modular (s\u00f3lo se activan las funciones que requerimos utilizar) para gesti\u00f3n<\/p>\n","protected":false},"author":1,"featured_media":0,"parent":0,"menu_order":0,"comment_status":"closed","ping_status":"closed","template":"template-fullwidth.php","meta":{"footnotes":""},"class_list":["post-164","page","type-page","status-publish","hentry"],"_links":{"self":[{"href":"https:\/\/aime.mx\/portal\/wp-json\/wp\/v2\/pages\/164","targetHints":{"allow":["GET"]}}],"collection":[{"href":"https:\/\/aime.mx\/portal\/wp-json\/wp\/v2\/pages"}],"about":[{"href":"https:\/\/aime.mx\/portal\/wp-json\/wp\/v2\/types\/page"}],"author":[{"embeddable":true,"href":"https:\/\/aime.mx\/portal\/wp-json\/wp\/v2\/users\/1"}],"replies":[{"embeddable":true,"href":"https:\/\/aime.mx\/portal\/wp-json\/wp\/v2\/comments?post=164"}],"version-history":[{"count":21,"href":"https:\/\/aime.mx\/portal\/wp-json\/wp\/v2\/pages\/164\/revisions"}],"predecessor-version":[{"id":209,"href":"https:\/\/aime.mx\/portal\/wp-json\/wp\/v2\/pages\/164\/revisions\/209"}],"wp:attachment":[{"href":"https:\/\/aime.mx\/portal\/wp-json\/wp\/v2\/media?parent=164"}],"curies":[{"name":"wp","href":"https:\/\/api.w.org\/{rel}","templated":true}]}}